{"id":14,"date":"2022-06-09T01:11:15","date_gmt":"2022-06-09T05:11:15","guid":{"rendered":"http:\/\/benttreedental.wpengine.com\/?page_id=14"},"modified":"2023-07-03T17:45:25","modified_gmt":"2023-07-03T21:45:25","slug":"servicios","status":"publish","type":"page","link":"https:\/\/benttreedental.com\/es\/services\/","title":{"rendered":"Servicios"},"content":{"rendered":"<section class=\"section has-parallax\" id=\"section_209880832\">\n\t\t<div class=\"section-bg fill\" data-parallax-container=\".section\" data-parallax-background data-parallax=\"-3\">\n\t\t\t<img loading=\"lazy\" decoding=\"async\" width=\"2560\" height=\"1396\" src=\"https:\/\/benttreedental.com\/wp-content\/uploads\/2023\/06\/Dallas-TX-Background-Dr.-Rick-Miller-Dallas-Dentist-scaled.jpg\" class=\"bg attachment-original size-original\" alt=\"\" \/>\t\t\t\t\t\t<div class=\"section-bg-overlay absolute fill\"><\/div>\n\t\t\t\n\t<div class=\"is-border\"\n\t\tstyle=\"border-color:rgb(235, 235, 235);border-width:1px 0px 0px 0px;\">\n\t<\/div>\n\n\t\t<\/div>\n\n\t\t\n\n\t\t<div class=\"section-content relative\">\n\t\t\t\n<div class=\"container section-title-container\" ><h2 class=\"section-title section-title-bold-center\"><b aria-hidden=\"true\"><\/b><span class=\"section-title-main\" style=\"font-size:140%;color:rgb(255, 255, 255);\">NUESTROS SERVICIOS DENTALES<\/span><b aria-hidden=\"true\"><\/b><\/h2><\/div>\n<div class=\"row\"  id=\"row-1876844143\">\n\n\t<div id=\"col-1021841816\" class=\"col medium-12 small-12 large-4\"  >\n\t\t\t\t<div class=\"col-inner text-shadow-3\"  >\n\t\t\t\n\t\t\t\n\t<div id=\"text-3100511389\" class=\"text\">\n\t\t\n<ul>\n<li class=\"bullet-arrow\"><a href=\"https:\/\/benttreedental.com\/es\/implantes-dentales-en-dallas-tx\/\"><span style=\"color: #ffffff; font-size: 120%;\"><strong>Implantes dentales<\/strong><\/span><\/a><\/li>\n<li class=\"bullet-arrow\"><a href=\"https:\/\/benttreedental.com\/es\/mini-implantes-dentales-en-dallas-tx\/\"><span style=\"color: #ffffff; font-size: 120%;\"><strong>Miniimplantes dentales<\/strong><\/span><\/a><\/li>\n<li class=\"bullet-arrow\"><a href=\"https:\/\/benttreedental.com\/es\/dentaduras-en-dallas-tx\/\"><span style=\"color: #ffffff; font-size: 120%;\"><strong>Dentaduras completas y parciales<\/strong><\/span><\/a><\/li>\n<li class=\"bullet-arrow\"><a href=\"https:\/\/benttreedental.com\/es\/puentes-dentales-en-dallas-tx\/\"><span style=\"color: #ffffff; font-size: 120%;\"><strong>Puentes dentales<\/strong><\/span><\/a><\/li>\n<li class=\"bullet-arrow\"><a href=\"https:\/\/benttreedental.com\/es\/extraccion-dental-en-dallas-tx\/\"><span style=\"color: #ffffff; font-size: 120%;\"><strong>Extracciones dentales<\/strong><\/span><\/a><\/li>\n<li class=\"bullet-arrow\"><a href=\"https:\/\/benttreedental.com\/es\/cirugia-oral-en-dallas-tx\/\"><span style=\"color: #ffffff; font-size: 120%;\"><strong>Cirug\u00eda oral<\/strong><\/span><\/a><\/li>\n<\/ul>\n\t\t\n<style>\n#text-3100511389 {\n  font-size: 1.2rem;\n  text-align: center;\n}\n<\/style>\n\t<\/div>\n\t\n\t\t<\/div>\n\t\t\t\t\t<\/div>\n\n\t\n\n\t<div id=\"col-846694105\" class=\"col medium-12 small-12 large-4\"  >\n\t\t\t\t<div class=\"col-inner text-shadow-3\"  >\n\t\t\t\n\t\t\t\n\t<div id=\"text-1837437427\" class=\"text\">\n\t\t\n<ul>\n<li class=\"bullet-arrow\"><a href=\"https:\/\/benttreedental.com\/es\/odontologia-cosmetica-en-dallas-tx\/\"><span style=\"color: #ffffff; font-size: 120%;\"><strong>Odontolog\u00eda est\u00e9tica<\/strong><\/span><\/a><\/li>\n<li class=\"bullet-arrow\"><a href=\"https:\/\/benttreedental.com\/es\/carillas-de-porcelana-en-dallas-tx\/\"><span style=\"color: #ffffff; font-size: 120%;\"><strong>Carillas de porcelana<\/strong><\/span><\/a><\/li>\n<li class=\"bullet-arrow\"><a href=\"https:\/\/benttreedental.com\/es\/invisalign-en-dallas-tx\/\"><span style=\"color: #ffffff; font-size: 120%;\"><strong>Invisalign<\/strong><\/span><\/a><\/li>\n<li class=\"bullet-arrow\"><a href=\"https:\/\/benttreedental.com\/es\/blanqueamiento-dental-en-dallas-tx\/\"><span style=\"color: #ffffff; font-size: 120%;\"><strong>Blanqueamiento dental<\/strong><\/span><\/a><\/li>\n<li class=\"bullet-arrow\"><a href=\"https:\/\/benttreedental.com\/es\/sedacion-odontologia-en-dallas-tx\/\"><span style=\"color: #ffffff; font-size: 120%;\"><strong>Odontolog\u00eda bajo sedaci\u00f3n<\/strong><\/span><\/a><\/li>\n<li class=\"bullet-arrow\"><a href=\"https:\/\/benttreedental.com\/es\/odontologia-laser-en-dallas-tx\/\"><span style=\"color: #ffffff; font-size: 120%;\"><strong>Odontolog\u00eda l\u00e1ser<\/strong><\/span><\/a><\/li>\n<\/ul>\n\t\t\n<style>\n#text-1837437427 {\n  font-size: 1.2rem;\n  text-align: center;\n}\n<\/style>\n\t<\/div>\n\t\n\t\t<\/div>\n\t\t\t\t\t<\/div>\n\n\t\n\n\t<div id=\"col-1169403774\" class=\"col medium-12 small-12 large-4\"  >\n\t\t\t\t<div class=\"col-inner text-shadow-3\"  >\n\t\t\t\n\t\t\t\n\t<div id=\"text-112023185\" class=\"text\">\n\t\t\n<ul>\n<li class=\"bullet-arrow\"><a href=\"https:\/\/benttreedental.com\/es\/endodoncia-en-dallas-tx\/\"><span style=\"color: #ffffff; font-size: 120%;\"><strong>Endodoncia<\/strong><\/span><\/a><\/li>\n<li class=\"bullet-arrow\"><a href=\"https:\/\/benttreedental.com\/es\/rayos-x-digitales-en-dallas-tx\/\"><span style=\"color: #ffffff; font-size: 120%;\"><strong>Radiograf\u00edas digitales<\/strong><\/span><\/a><\/li>\n<li class=\"bullet-arrow\"><a href=\"https:\/\/benttreedental.com\/es\/tratamiento-recesion-de-encias-en-dallas-tx\/\"><span style=\"color: #ffffff; font-size: 120%;\"><strong>Tratamiento de la recesi\u00f3n de las enc\u00edas<\/strong><\/span><\/a><\/li>\n<li class=\"bullet-arrow\"><a href=\"https:\/\/benttreedental.com\/es\/cribado-del-cancer-oral-en-dallas-tx\/\"><span style=\"color: #ffffff; font-size: 120%;\"><strong>Detecci\u00f3n del c\u00e1ncer oral<\/strong><\/span><\/a><\/li>\n<li class=\"bullet-arrow\"><a href=\"https:\/\/benttreedental.com\/es\/raspado-alisado-radicular-en-dallas-tx\/\"><span style=\"color: #ffffff; font-size: 120%;\"><strong>Raspado y alisado radicular<\/strong><\/span><\/a><\/li>\n<li class=\"bullet-arrow\"><a href=\"https:\/\/benttreedental.com\/es\/l-terapia-prf-en-dallas-tx\/\"><span style=\"color: #ffffff; font-size: 120%;\"><strong>Terapia L-PRF<\/strong><\/span><\/a><\/li>\n<\/ul>\n\t\t\n<style>\n#text-112023185 {\n  font-size: 1.2rem;\n  text-align: center;\n}\n<\/style>\n\t<\/div>\n\t\n\t\t<\/div>\n\t\t\t\t\t<\/div>\n\n\t\n<\/div>\n\t\t<\/div>\n\n\t\t\n<style>\n#section_209880832 {\n  padding-top: 60px;\n  padding-bottom: 60px;\n  min-height: 300px;\n  background-color: #5ddbdd;\n}\n#section_209880832 .section-bg-overlay {\n  background-color: rgba(0, 210, 212, 0.75);\n}\n#section_209880832 .section-bg img {\n  object-position: bottom;\n}\n<\/style>\n\t<\/section>\n\t\n\n\t<section class=\"section dark\" id=\"section_28066247\">\n\t\t<div class=\"section-bg fill\" >\n\t\t\t\t\t\t\t\t\t\n\t\t\t\n\n\t\t<\/div>\n\n\t\t\n\n\t\t<div class=\"section-content relative\">\n\t\t\t\n\t<div id=\"gap-38051055\" class=\"gap-element clearfix\" style=\"display:block; height:auto;\">\n\t\t\n<style>\n#gap-38051055 {\n  padding-top: 35px;\n}\n<\/style>\n\t<\/div>\n\t\n<div class=\"row align-middle align-center\" style=\"max-width:1300px\" id=\"row-457149785\">\n\n\t<div id=\"col-230040901\" class=\"col medium-12 small-12 large-8\"  >\n\t\t\t\t<div class=\"col-inner\"  >\n\t\t\t\n\t\t\t\n\t<div id=\"text-672070097\" class=\"text\">\n\t\t\n<h3 style=\"text-align: center;\">Tiene preguntas. Nosotros tenemos respuestas.<\/h3>\n\t\t\n<style>\n#text-672070097 {\n  font-size: 1.5rem;\n  color: #7f7f7f;\n}\n#text-672070097 > * {\n  color: #7f7f7f;\n}\n@media (min-width:550px) {\n  #text-672070097 {\n    font-size: 1.95rem;\n  }\n}\n@media (min-width:850px) {\n  #text-672070097 {\n    font-size: 2rem;\n  }\n}\n<\/style>\n\t<\/div>\n\t\n\t\t<\/div>\n\t\t\t\t\t<\/div>\n\n\t\n\n\t<div id=\"col-628180927\" class=\"col medium-8 small-10 large-4\"  >\n\t\t\t\t<div class=\"col-inner text-center\"  >\n\t\t\t\n\t\t\t\n<a data-animate=\"bounceIn\" href=\"\/es\/videoteca\/\" class=\"button secondary is-large expand\" style=\"padding:5px 30px 5px 30px;\">\n\t\t<span>Vea nuestros v\u00eddeos<\/span>\n\t<i class=\"icon-play\" aria-hidden=\"true\"><\/i><\/a>\n\n\t\t<\/div>\n\t\t\t\t\t<\/div>\n\n\t\n<\/div>\n\t\t<\/div>\n\n\t\t\n<style>\n#section_28066247 {\n  padding-top: 20px;\n  padding-bottom: 20px;\n  background-color: rgb(249, 249, 249);\n}\n<\/style>\n\t<\/section>","protected":false},"excerpt":{"rendered":"","protected":false},"author":4,"featured_media":663,"parent":0,"menu_order":0,"comment_status":"closed","ping_status":"closed","template":"page-blank.php","meta":{"rop_custom_images_group":[],"rop_custom_messages_group":[],"rop_publish_now":"initial","rop_publish_now_accounts":{"gmb_109265489736877664202_accounts\/109265489736877664202\/locations\/15891243937529371070":"","twitter_1749523241704603648_1749523241704603648":""},"rop_publish_now_history":[],"rop_publish_now_status":"pending","footnotes":""},"class_list":["post-14","page","type-page","status-publish","has-post-thumbnail","hentry"],"yoast_head":"<!-- This site is optimized with the Yoast SEO plugin v27.4 - https:\/\/yoast.com\/product\/yoast-seo-wordpress\/ -->\n<title>Dental Services | Cosmetic Dentistry in Dallas TX | Dr. Rick Miller<\/title>\n<meta name=\"description\" content=\"At our practice, our doctors and attentive staff provide individualized treatments designed to enhance your natural beauty.\" \/>\n<meta name=\"robots\" content=\"index, follow, max-snippet:-1, max-image-preview:large, max-video-preview:-1\" \/>\n<link rel=\"canonical\" href=\"https:\/\/benttreedental.com\/es\/servicios\/\" \/>\n<meta property=\"og:locale\" content=\"es_MX\" \/>\n<meta property=\"og:type\" content=\"article\" \/>\n<meta property=\"og:title\" content=\"Dental Services | Cosmetic Dentistry in Dallas TX | Dr. Rick Miller\" \/>\n<meta property=\"og:description\" content=\"At our practice, our doctors and attentive staff provide individualized treatments designed to enhance your natural beauty.\" \/>\n<meta property=\"og:url\" content=\"https:\/\/benttreedental.com\/es\/servicios\/\" \/>\n<meta property=\"og:site_name\" content=\"Bent Tree Dental - Dr. Rick Miller\" \/>\n<meta property=\"article:publisher\" content=\"https:\/\/www.facebook.com\/profile.php?id=100076305218584\" \/>\n<meta property=\"article:modified_time\" content=\"2023-07-03T21:45:25+00:00\" \/>\n<meta property=\"og:image\" content=\"https:\/\/benttreedental.com\/wp-content\/uploads\/2023\/06\/Dental-Services-Cosmetic-Dentistry-in-Dallas-TX-Dr.-Rick-Miller.jpg\" \/>\n\t<meta property=\"og:image:width\" content=\"500\" \/>\n\t<meta property=\"og:image:height\" content=\"334\" \/>\n\t<meta property=\"og:image:type\" content=\"image\/jpeg\" \/>\n<meta name=\"twitter:card\" content=\"summary_large_image\" \/>\n<meta name=\"twitter:site\" content=\"@BentTreeDentist\" \/>\n<meta name=\"twitter:label1\" content=\"Tiempo de lectura\" \/>\n\t<meta name=\"twitter:data1\" content=\"1 minuto\" \/>\n<script type=\"application\/ld+json\" class=\"yoast-schema-graph\">{\"@context\":\"https:\\\/\\\/schema.org\",\"@graph\":[{\"@type\":\"WebPage\",\"@id\":\"https:\\\/\\\/benttreedental.com\\\/services\\\/\",\"url\":\"https:\\\/\\\/benttreedental.com\\\/services\\\/\",\"name\":\"Dental Services | Cosmetic Dentistry in Dallas TX | Dr. Rick Miller\",\"isPartOf\":{\"@id\":\"https:\\\/\\\/benttreedental.com\\\/#website\"},\"primaryImageOfPage\":{\"@id\":\"https:\\\/\\\/benttreedental.com\\\/services\\\/#primaryimage\"},\"image\":{\"@id\":\"https:\\\/\\\/benttreedental.com\\\/services\\\/#primaryimage\"},\"thumbnailUrl\":\"https:\\\/\\\/benttreedental.com\\\/wp-content\\\/uploads\\\/2023\\\/06\\\/Dental-Services-Cosmetic-Dentistry-in-Dallas-TX-Dr.-Rick-Miller.jpg\",\"datePublished\":\"2022-06-09T05:11:15+00:00\",\"dateModified\":\"2023-07-03T21:45:25+00:00\",\"description\":\"At our practice, our doctors and attentive staff provide individualized treatments designed to enhance your natural beauty.\",\"breadcrumb\":{\"@id\":\"https:\\\/\\\/benttreedental.com\\\/services\\\/#breadcrumb\"},\"inLanguage\":\"es\",\"potentialAction\":[{\"@type\":\"ReadAction\",\"target\":[\"https:\\\/\\\/benttreedental.com\\\/services\\\/\"]}]},{\"@type\":\"ImageObject\",\"inLanguage\":\"es\",\"@id\":\"https:\\\/\\\/benttreedental.com\\\/services\\\/#primaryimage\",\"url\":\"https:\\\/\\\/benttreedental.com\\\/wp-content\\\/uploads\\\/2023\\\/06\\\/Dental-Services-Cosmetic-Dentistry-in-Dallas-TX-Dr.-Rick-Miller.jpg\",\"contentUrl\":\"https:\\\/\\\/benttreedental.com\\\/wp-content\\\/uploads\\\/2023\\\/06\\\/Dental-Services-Cosmetic-Dentistry-in-Dallas-TX-Dr.-Rick-Miller.jpg\",\"width\":500,\"height\":334,\"caption\":\"Dental Services Cosmetic Dentistry in Dallas TX Dr. Rick Miller\"},{\"@type\":\"BreadcrumbList\",\"@id\":\"https:\\\/\\\/benttreedental.com\\\/services\\\/#breadcrumb\",\"itemListElement\":[{\"@type\":\"ListItem\",\"position\":1,\"name\":\"Home\",\"item\":\"https:\\\/\\\/benttreedental.com\\\/\"},{\"@type\":\"ListItem\",\"position\":2,\"name\":\"Services\"}]},{\"@type\":\"WebSite\",\"@id\":\"https:\\\/\\\/benttreedental.com\\\/#website\",\"url\":\"https:\\\/\\\/benttreedental.com\\\/\",\"name\":\"Bent Tree Dental - Dr. Rick Miller | Cosmetic Dentist in Dallas, TX\",\"description\":\"Cosmetic Dentist in Dallas, TX\",\"publisher\":{\"@id\":\"https:\\\/\\\/benttreedental.com\\\/#organization\"},\"potentialAction\":[{\"@type\":\"SearchAction\",\"target\":{\"@type\":\"EntryPoint\",\"urlTemplate\":\"https:\\\/\\\/benttreedental.com\\\/?s={search_term_string}\"},\"query-input\":{\"@type\":\"PropertyValueSpecification\",\"valueRequired\":true,\"valueName\":\"search_term_string\"}}],\"inLanguage\":\"es\"},{\"@type\":\"Organization\",\"@id\":\"https:\\\/\\\/benttreedental.com\\\/#organization\",\"name\":\"Bent Tree Dental - Dr. Rick Miller | Cosmetic Dentist in Dallas, TX\",\"url\":\"https:\\\/\\\/benttreedental.com\\\/\",\"logo\":{\"@type\":\"ImageObject\",\"inLanguage\":\"es\",\"@id\":\"https:\\\/\\\/benttreedental.com\\\/#\\\/schema\\\/logo\\\/image\\\/\",\"url\":\"https:\\\/\\\/benttreedental.com\\\/wp-content\\\/uploads\\\/2023\\\/06\\\/Bent-Tree-Dental-Logo-HighRes-Stacked-e1686764695514.png\",\"contentUrl\":\"https:\\\/\\\/benttreedental.com\\\/wp-content\\\/uploads\\\/2023\\\/06\\\/Bent-Tree-Dental-Logo-HighRes-Stacked-e1686764695514.png\",\"width\":349,\"height\":300,\"caption\":\"Bent Tree Dental - Dr. Rick Miller | Cosmetic Dentist in Dallas, TX\"},\"image\":{\"@id\":\"https:\\\/\\\/benttreedental.com\\\/#\\\/schema\\\/logo\\\/image\\\/\"},\"sameAs\":[\"https:\\\/\\\/www.facebook.com\\\/profile.php?id=100076305218584\",\"https:\\\/\\\/x.com\\\/BentTreeDentist\",\"https:\\\/\\\/www.instagram.com\\\/benttreedental\\\/?hl=en\",\"https:\\\/\\\/www.youtube.com\\\/@benttreedental6359\"]}]}<\/script>\n<!-- \/ Yoast SEO plugin. -->","yoast_head_json":{"title":"Servicios Dentales | Odontolog\u00eda Cosm\u00e9tica en Dallas TX | Dr. Rick Miller","description":"En nuestra consulta, nuestros m\u00e9dicos y atento personal ofrecen tratamientos individualizados dise\u00f1ados para realzar su belleza natural.","robots":{"index":"index","follow":"follow","max-snippet":"max-snippet:-1","max-image-preview":"max-image-preview:large","max-video-preview":"max-video-preview:-1"},"canonical":"https:\/\/benttreedental.com\/es\/servicios\/","og_locale":"es_MX","og_type":"article","og_title":"Dental Services | Cosmetic Dentistry in Dallas TX | Dr. Rick Miller","og_description":"At our practice, our doctors and attentive staff provide individualized treatments designed to enhance your natural beauty.","og_url":"https:\/\/benttreedental.com\/es\/servicios\/","og_site_name":"Bent Tree Dental - Dr. Rick Miller","article_publisher":"https:\/\/www.facebook.com\/profile.php?id=100076305218584","article_modified_time":"2023-07-03T21:45:25+00:00","og_image":[{"width":500,"height":334,"url":"https:\/\/benttreedental.com\/wp-content\/uploads\/2023\/06\/Dental-Services-Cosmetic-Dentistry-in-Dallas-TX-Dr.-Rick-Miller.jpg","type":"image\/jpeg"}],"twitter_card":"summary_large_image","twitter_site":"@BentTreeDentist","twitter_misc":{"Tiempo de lectura":"1 minuto"},"schema":{"@context":"https:\/\/schema.org","@graph":[{"@type":"WebPage","@id":"https:\/\/benttreedental.com\/services\/","url":"https:\/\/benttreedental.com\/services\/","name":"Servicios Dentales | Odontolog\u00eda Cosm\u00e9tica en Dallas TX | Dr. Rick Miller","isPartOf":{"@id":"https:\/\/benttreedental.com\/#website"},"primaryImageOfPage":{"@id":"https:\/\/benttreedental.com\/services\/#primaryimage"},"image":{"@id":"https:\/\/benttreedental.com\/services\/#primaryimage"},"thumbnailUrl":"https:\/\/benttreedental.com\/wp-content\/uploads\/2023\/06\/Dental-Services-Cosmetic-Dentistry-in-Dallas-TX-Dr.-Rick-Miller.jpg","datePublished":"2022-06-09T05:11:15+00:00","dateModified":"2023-07-03T21:45:25+00:00","description":"En nuestra consulta, nuestros m\u00e9dicos y atento personal ofrecen tratamientos individualizados dise\u00f1ados para realzar su belleza natural.","breadcrumb":{"@id":"https:\/\/benttreedental.com\/services\/#breadcrumb"},"inLanguage":"es","potentialAction":[{"@type":"ReadAction","target":["https:\/\/benttreedental.com\/services\/"]}]},{"@type":"ImageObject","inLanguage":"es","@id":"https:\/\/benttreedental.com\/services\/#primaryimage","url":"https:\/\/benttreedental.com\/wp-content\/uploads\/2023\/06\/Dental-Services-Cosmetic-Dentistry-in-Dallas-TX-Dr.-Rick-Miller.jpg","contentUrl":"https:\/\/benttreedental.com\/wp-content\/uploads\/2023\/06\/Dental-Services-Cosmetic-Dentistry-in-Dallas-TX-Dr.-Rick-Miller.jpg","width":500,"height":334,"caption":"Dental Services Cosmetic Dentistry in Dallas TX Dr. Rick Miller"},{"@type":"BreadcrumbList","@id":"https:\/\/benttreedental.com\/services\/#breadcrumb","itemListElement":[{"@type":"ListItem","position":1,"name":"Home","item":"https:\/\/benttreedental.com\/"},{"@type":"ListItem","position":2,"name":"Services"}]},{"@type":"WebSite","@id":"https:\/\/benttreedental.com\/#website","url":"https:\/\/benttreedental.com\/","name":"Bent Tree Dental - Dr. Rick Miller | Dentista Cosmetico en Dallas, TX","description":"Dentista Cosm\u00e9tico en Dallas, TX","publisher":{"@id":"https:\/\/benttreedental.com\/#organization"},"potentialAction":[{"@type":"SearchAction","target":{"@type":"EntryPoint","urlTemplate":"https:\/\/benttreedental.com\/?s={search_term_string}"},"query-input":{"@type":"PropertyValueSpecification","valueRequired":true,"valueName":"search_term_string"}}],"inLanguage":"es"},{"@type":"Organization","@id":"https:\/\/benttreedental.com\/#organization","name":"Bent Tree Dental - Dr. Rick Miller | Dentista Cosmetico en Dallas, TX","url":"https:\/\/benttreedental.com\/","logo":{"@type":"ImageObject","inLanguage":"es","@id":"https:\/\/benttreedental.com\/#\/schema\/logo\/image\/","url":"https:\/\/benttreedental.com\/wp-content\/uploads\/2023\/06\/Bent-Tree-Dental-Logo-HighRes-Stacked-e1686764695514.png","contentUrl":"https:\/\/benttreedental.com\/wp-content\/uploads\/2023\/06\/Bent-Tree-Dental-Logo-HighRes-Stacked-e1686764695514.png","width":349,"height":300,"caption":"Bent Tree Dental - Dr. Rick Miller | Cosmetic Dentist in Dallas, TX"},"image":{"@id":"https:\/\/benttreedental.com\/#\/schema\/logo\/image\/"},"sameAs":["https:\/\/www.facebook.com\/profile.php?id=100076305218584","https:\/\/x.com\/BentTreeDentist","https:\/\/www.instagram.com\/benttreedental\/?hl=en","https:\/\/www.youtube.com\/@benttreedental6359"]}]}},"_links":{"self":[{"href":"https:\/\/benttreedental.com\/es\/wp-json\/wp\/v2\/pages\/14","targetHints":{"allow":["GET"]}}],"collection":[{"href":"https:\/\/benttreedental.com\/es\/wp-json\/wp\/v2\/pages"}],"about":[{"href":"https:\/\/benttreedental.com\/es\/wp-json\/wp\/v2\/types\/page"}],"author":[{"embeddable":true,"href":"https:\/\/benttreedental.com\/es\/wp-json\/wp\/v2\/users\/4"}],"replies":[{"embeddable":true,"href":"https:\/\/benttreedental.com\/es\/wp-json\/wp\/v2\/comments?post=14"}],"version-history":[{"count":0,"href":"https:\/\/benttreedental.com\/es\/wp-json\/wp\/v2\/pages\/14\/revisions"}],"wp:featuredmedia":[{"embeddable":true,"href":"https:\/\/benttreedental.com\/es\/wp-json\/wp\/v2\/media\/663"}],"wp:attachment":[{"href":"https:\/\/benttreedental.com\/es\/wp-json\/wp\/v2\/media?parent=14"}],"curies":[{"name":"wp","href":"https:\/\/api.w.org\/{rel}","templated":true}]}}